{"id":15769,"date":"2024-08-03T17:47:47","date_gmt":"2024-08-03T17:47:47","guid":{"rendered":"https:\/\/tamada-hochzeit-nrw.de\/?page_id=15769"},"modified":"2024-11-26T12:26:38","modified_gmt":"2024-11-26T12:26:38","slug":"daten-schutz","status":"publish","type":"page","link":"https:\/\/tamada-hochzeit-nrw.de\/index.php\/daten-schutz\/","title":{"rendered":"Datenschutz"},"content":{"rendered":"\t\t<div data-elementor-type=\"wp-page\" data-elementor-id=\"15769\" class=\"elementor elementor-15769\">\n\t\t\t\t<div class=\"wd-negative-gap elementor-element elementor-element-d667a3e e-flex e-con-boxed e-con e-parent\" data-id=\"d667a3e\" data-element_type=\"container\">\n\t\t\t\t\t<div class=\"e-con-inner\">\n\t\t\t\t<div class=\"elementor-element elementor-element-6f9cd9c elementor-widget elementor-widget-wd_text_block\" data-id=\"6f9cd9c\" data-element_type=\"widget\" data-widget_type=\"wd_text_block.default\">\n\t\t\t\t<div class=\"elementor-widget-container\">\n\t\t\t\t\t<div class=\"wd-text-block reset-last-child text-left\">\n\t\t\t\n\t\t\t<ol><li><span style=\"font-weight: 400;\"> Verarbeitung von personenbezogenen Daten<\/span><\/li><\/ol><p><span style=\"font-weight: 400;\">Wir verarbeiten im Rahmen der Website personenbezogene Daten von Ihnen unter anderem wie folgt (weitere Datenverarbeitungen im Rahmen der Website entnehmen Sie bitte den nachfolgenden Ziffern dieser Datenschutzerkl\u00e4rung):<\/span><\/p><p><span style=\"font-weight: 400;\">Logfiles beim Besuch der Website<\/span><\/p><p><span style=\"font-weight: 400;\">Bei der Nutzung unserer Webseite werden von unserem Hostinganbieter bei jedem Zugriff auf die Server sog. \u201eLogfile\u201c-Daten protokolliert wie bspw. Name der aufgerufenen Website, zuvor besuchte Seite (\u201eReferrer\u201c-URL), Produkt- und Versionsinformation des verwendeten Browsers und des Betriebssystems, anfragender Provider, Datum und Uhrzeit des Zugangs, verwendete Suchmaschinen, Land des Zugriffs, \u00fcbertragene Datenmenge, Namen heruntergeladener Dateien und IP-Adresse.<\/span><\/p><p><span style=\"font-weight: 400;\">Rechtsgrundlage f\u00fcr die Verarbeitung ist Artikel 6 Absatz 1 f) DSGVO. Unser berechtigtes Interesse zur Speicherung der Logfile-Daten liegt in der Gew\u00e4hrleistung der Systemsicherheit einschlie\u00dflich der Aufkl\u00e4rung von Missbrauch. Die Logfile-Daten werden nach h\u00f6chstens 30 Tagen gel\u00f6scht oder anonymisiert, sofern sie nicht aufgrund eines sicherheitsrelevanten Vorfalls l\u00e4nger ben\u00f6tigt werden, bspw. zur Aufkl\u00e4rung oder zu Beweiszwecken.<\/span><\/p><p><span style=\"font-weight: 400;\">Kontaktaufnahme:<\/span><\/p><p><span style=\"font-weight: 400;\">Bei Kontaktanfragen verarbeiten wir Ihre personenbezogenen Daten wie Name, Anschrift, E-Mail-Adresse, Telefonnummer o.\u00e4., die wir f\u00fcr die Beantwortung Ihres Anliegens ben\u00f6tigen.<\/span><\/p><p><span style=\"font-weight: 400;\">Rechtsgrundlage f\u00fcr die Verarbeitung Ihrer personenbezogenen Daten im Rahmen von Kontaktanfragen ist Art. 6 Abs. 1 b) DSGVO, sofern Ihr Anliegen auf den Abschluss eines Vertrages gerichtet ist, ansonsten Art. 6 Abs. 1 f) DSGVO, wobei unser berechtigtes Interesse in der Beantwortung von Anfragen liegt.<\/span><\/p><p><span style=\"font-weight: 400;\">Im Rahmen von Kontaktanfragen speichern wir Ihre personenbezogenen Daten so lange, wie es f\u00fcr die Bearbeitung Ihres Anliegens oder im Hinblick auf gesetzliche Aufbewahrungspflichten erforderlich ist.<\/span><\/p><p><span style=\"font-weight: 400;\">Bestellungen:<\/span><\/p><p><span style=\"font-weight: 400;\">Bei Ihren Bestellungen verarbeiten wir Ihre personenbezogenen Daten wie Name, Anschrift, E-Mail-Adresse, Telefonnummer, Zahlungsdaten o.\u00e4., die wir f\u00fcr die Erf\u00fcllung des Vertragsverh\u00e4ltnisses mit Ihnen oder zur Durchf\u00fchrung vorvertraglicher Ma\u00dfnahmen, die auf Ihre Anfrage hin erfolgen, ben\u00f6tigen.<\/span><\/p><p><span style=\"font-weight: 400;\">Ihre im Rahmen von Bestellungen erhobenen personenbezogene Daten speichern wir jeweils so lange, wie es f\u00fcr die Erf\u00fcllung des Vertragsverh\u00e4ltnisses und\/oder zur Durchf\u00fchrung auf Ihre Anfrage hin erfolgender vorvertraglicher Ma\u00dfnahmen und\/oder im Hinblick auf Gew\u00e4hrleistungs-, Garantie- oder vergleichbare Verpflichtungen und\/oder oder im Hinblick auf gesetzliche Aufbewahrungsfristen erforderlich ist.<\/span><\/p><p><span style=\"font-weight: 400;\">Rechtsgrundlagen f\u00fcr die Verarbeitung Ihrer im Rahmen von Bestellungen erhobenen personenbezogenen Daten sind Art. 6 Abs. 1 b) DSGVO (\u201eVertragserf\u00fcllung\u201c).<\/span><\/p><p><span style=\"font-weight: 400;\">Die Bereitstellung dieser personenbezogenen Daten ist nicht gesetzlich oder vertraglich vorgeschrieben. Sie ist aber f\u00fcr den Vertragsabschluss, also die Durchf\u00fchrung der Bestellung erforderlich, soweit die betreffenden Angaben in unserem Bestellablauf zwingend (statt nur freiwillig) vorzunehmen sind.<\/span><\/p><ol start=\"2\"><li><span style=\"font-weight: 400;\"> Cookies<\/span><\/li><\/ol><p><span style=\"font-weight: 400;\">Cookies sind kleine Textdateien, die auf dem Computer des Nutzers gespeichert werden und die eine Analyse der Benutzung der Website durch den Nutzer erm\u00f6glichen.<\/span><\/p><p><span style=\"font-weight: 400;\">Cookies k\u00f6nnen bspw. dazu verwendet werden, die Nutzung der Website f\u00fcr den Besucher einfacher und bequemer zu gestalten bzw. bestimmte Funktionen \u00fcberhaupt erst zu erm\u00f6glichen, oder bspw. zur Analyse von Besucherstr\u00f6men.<\/span><\/p><p><span style=\"font-weight: 400;\">Sofern durch einzelne von uns eingesetzte Cookies auch personenbezogene Daten verarbeitet werden, erfolgt die Verarbeitung gem\u00e4\u00df Art. 6 Abs. 1 b) DSGVO zur Durchf\u00fchrung des Vertrages, gem\u00e4\u00df Art. 6 Abs. 1 a) DSGVO im Falle einer erteilten Einwilligung oder gem\u00e4\u00df Art. 6 Abs. 1 f) DSGVO zur Wahrung unserer berechtigten Interessen an einem betriebswirtschaftlichen Betrieb unseres Online-Angebots sowie einer nutzerfreundlichen und effektiven Ausgestaltung des Seitenbesuchs.<\/span><\/p><p><span style=\"font-weight: 400;\">Die Speicherdauer der Cookies kann sich auf die Dauer der jeweiligen Browser-Sitzung beschr\u00e4nken, d.h. die Cookies werden nach Schlie\u00dfen des Browsers wieder gel\u00f6scht (tempor\u00e4re Cookies); oder die Speicherdauer kann dar\u00fcber hinaus gehen, um den Nutzer beim n\u00e4chsten Besuch wiederzuerkennen und ihm dann bspw. bevorzugte Inhalte anzuzeigen (persistente Cookies). Sofern wir in dieser Datenschutzerkl\u00e4rung oder im Rahmen unserer Cookie-Management-Dienste oder sonstigen gesonderten Informationen zu Cookies keine abweichenden Angaben machen, sollten Sie davon ausgehen, dass Cookies persistent sind und die Speicherdauer sich auf bis zu zwei Jahre bel\u00e4uft.<\/span><\/p><p><span style=\"font-weight: 400;\">Sie haben jederzeit die M\u00f6glichkeit, eine erteilte Einwilligung in das Setzen von Cookies zu widerrufen oder der Datenverarbeitung durch Cookies zu widersprechen, indem Sie die Cookies in den Einstellungen Ihres Browsers l\u00f6schen.<\/span><\/p><p><span style=\"font-weight: 400;\">Auch k\u00f6nnen Sie Ihren Browser so einstellen, dass eine Speicherung von Cookies nur akzeptiert wird, wenn Sie dem zustimmen.<\/span><\/p><p><span style=\"font-weight: 400;\">Was Anzeigen-Cookies anbelangt, so k\u00f6nnen Sie viele davon \u00fcber folgende Dienste blockieren und\/oder verwalten:<\/span><\/p><p><span style=\"font-weight: 400;\">www.aboutads.info\/choices\/<\/span><\/p><p><span style=\"font-weight: 400;\">www.youronlinechoices.com\/uk\/your-ad-choices\/<\/span><\/p><p><span style=\"font-weight: 400;\">www.networkadvertising.org\/managing\/opt_out.asp<\/span><\/p><p><span style=\"font-weight: 400;\">Wenn Sie jedoch Cookies ablehnen, k\u00f6nnen Sie bestimmte Website-Funktionen, Services, Anwendungen oder Tools m\u00f6glicherweise nicht nutzen.<\/span><\/p><ol start=\"3\"><li><span style=\"font-weight: 400;\"> Google Analytics<\/span><\/li><\/ol><p><span style=\"font-weight: 400;\">Diese Website benutzt Google Analytics, einen Webanalysedienst der Google Ireland Limited, Gordon House, Barrow Street, Dublin 4, Irland. Google Analytics verwendet sog. \u201eCookies\u201c, Textdateien, die auf Ihrem Computer gespeichert werden und die eine Analyse der Benutzung der Website durch Sie erm\u00f6glichen. Die durch den Cookie erzeugten Informationen \u00fcber Ihre Benutzung dieser Website werden in der Regel an einen Server von Google in den USA \u00fcbertragen und dort gespeichert. Diese Daten\u00fcbermittlung st\u00fctzt Google auf die EU-Standardvertragsklauseln.<\/span><\/p><p><span style=\"font-weight: 400;\">Im Falle der Aktivierung der IP-Anonymisierung auf dieser Webseite wird Ihre IP-Adresse von Google jedoch innerhalb von Mitgliedstaaten der Europ\u00e4ischen Union oder in anderen Vertragsstaaten des Abkommens \u00fcber den Europ\u00e4ischen Wirtschaftsraum zuvor gek\u00fcrzt. Nur in Ausnahmef\u00e4llen wird die volle IP-Adresse an einen Server von Google in den USA \u00fcbertragen und dort gek\u00fcrzt. Im Auftrag des Betreibers dieser Website wird Google diese Informationen benutzen, um Ihre Nutzung der Website auszuwerten, um Reports \u00fcber die Websiteaktivit\u00e4ten zusammenzustellen und um weitere mit der Websitenutzung und der Internetnutzung verbundene Dienstleistungen gegen\u00fcber dem Websitebetreiber zu erbringen. Die im Rahmen von Google Analytics von Ihrem Browser \u00fcbermittelte IP-Adresse wird nicht mit anderen Daten von Google zusammengef\u00fchrt. Soweit Cookies auf der Website nicht ohnehin lediglich bei Erteilung einer entsprechenden Einwilligung gesetzt werden, k\u00f6nnen Sie die Speicherung der Cookies durch eine entsprechende Einstellung Ihrer Browser-Software verhindern; wir weisen Sie jedoch darauf hin, dass Sie in diesem Fall gegebenenfalls nicht s\u00e4mtliche Funktionen dieser Website vollumf\u00e4nglich werden nutzen k\u00f6nnen.<\/span><\/p><p><span style=\"font-weight: 400;\">Die im Rahmen der Verwendung von Google Analytics verarbeiteten Daten werden nach 26 Monaten automatisch gel\u00f6scht.<\/span><\/p><p><span style=\"font-weight: 400;\">Soweit die Datenverarbeitung mit Ihrer Einwilligung erfolgt, ist Rechtsgrundlage Artikel 6 Absatz 1 a) DSGVO (Einwilligung). Im \u00dcbrigen erfolgt die Datenverarbeitung auf Grundlage von Artikel 6 Absatz 1 f) DSGVO (\u201eberechtigte Interessen\u201c), wobei die berechtigten Interessen in den nachstehend genannten Zwecken liegen.<\/span><\/p><p><span style=\"font-weight: 400;\">Sie k\u00f6nnen die Erfassung der durch das Cookie erzeugten und auf Ihre Nutzung der Website bezogenen Daten (inkl. Ihrer IP-Adresse) an Google sowie die Verarbeitung dieser Daten durch Google verhindern, indem Sie das unter dem folgenden Link verf\u00fcgbare Browser-Plugin herunterladen und installieren:<\/span><\/p><p><span style=\"font-weight: 400;\">https:\/\/tools.google.com\/dlpage\/gaoptout?hl=de<\/span><\/p><ol start=\"4\"><li><span style=\"font-weight: 400;\"> Google Tag Manager<\/span><\/li><\/ol><p><span style=\"font-weight: 400;\">Auf unserer Webseite verwenden wir den Google Tag Manager der Ireland Limited, Gordon House, Barrow Street, Dublin 4, Irland (\u201eGoogle\u201c).<\/span><\/p><p><span style=\"font-weight: 400;\">Der Google Tag Manager ist ein Tool von Google zur Einbindung, Verwaltung und weiterf\u00fchrenden Nutzung von Google-Diensten und Diensten von Drittanbietern auf unserer Website f\u00fcr Analyse-, Websiteoptimierungs- und\/oder Werbezwecke. Diese Dienste werden durch Tags (also zus\u00e4tzliche Programmierungen, die in den Quellcode unserer Website eingef\u00fcgt werden) auf unserer Website eingebunden.<\/span><\/p><p><span style=\"font-weight: 400;\">Der Tag Manager selbst (der die Tags implementiert) greift nach Angaben von Google nicht auf die \u00fcber die Tags erhobenen Daten zu.\u00a0<\/span><\/p><p><span style=\"font-weight: 400;\">Ausf\u00fchrlichere Informationen zur Datenverarbeitung finden Sie auf den Seiten von Google:<\/span><\/p><p><span style=\"font-weight: 400;\">https:\/\/www.google.com\/intl\/de\/tagmanager\/faq.html<\/span><\/p><p><span style=\"font-weight: 400;\">https:\/\/www.google.com\/intl\/de\/tagmanager\/use-policy.html<\/span><\/p><p><span style=\"font-weight: 400;\">https:\/\/policies.google.com\/privacy?hl=de&amp;gl=de<\/span><\/p><p><span style=\"font-weight: 400;\">Sie k\u00f6nnen Ihrer Erfassung durch den Google Tag Manager jederzeit widersprechen. Siehe dazu Buchstabe d. im Abschnitt \u201eCookies\u201c dieser Datenschutzerkl\u00e4rung.<\/span><\/p><ol start=\"5\"><li><span style=\"font-weight: 400;\"> Google Adsense<\/span><\/li><\/ol><p><span style=\"font-weight: 400;\">Auf unseren Seiten ist Google AdSense eingebunden. AdSense ist ein Dienst von Google Ireland Limited, Gordon House, Barrow Street, Dublin 4, Irland (nachstehend \u201eGoogle\u201c). \u00dcber Adsense werden auf unserer Webseite Anzeigen von Drittanbietern bzw Werbenetzwerken geschaltet. F\u00fcr die Bereitstellung der Anzeigen werden Cookies verwendet. Anhand der Cookies werden fr\u00fchere Aufrufe dieser Web-Sites oder anderer Web-Sites durch Sie f\u00fcr eine personalisierte Bereitstellung der Anzeigen genutzt.<\/span><\/p><p><span style=\"font-weight: 400;\">Zu Ihren M\u00f6glichkeiten einer Deaktivierung solcher Anzeigen-Cookies siehe den Abschnitt \u201eCookies\u201c\/ Unterabschnitt \u201eWiderruf \/Widerspruch\/Einstellungen\u201c in dieser Datenschutzerkl\u00e4rung.<\/span><\/p><p><span style=\"font-weight: 400;\">Google \u00fcbertr\u00e4gt die durch die Cookies erzeugten Informationen an Server von Google in den USA. Diese Daten\u00fcbermittlung st\u00fctzt Google auf EU-Standardvertragsklauseln<\/span><\/p><p><span style=\"font-weight: 400;\">Soweit die Datenverarbeitung f\u00fcr die oben beschriebenen Zwecke mit Ihrer Einwilligung erfolgt, ist Rechtsgrundlage Artikel 6 Absatz 1 a) DSGVO (Einwilligung). Im \u00dcbrigen erfolgt die Datenverarbeitung auf Grundlage von Artikel 6 Absatz 1 f) DSGVO (\u201eberechtigte Interessen\u201c), wobei die berechtigten Interessen in den oben genannten Zwecken liegen.<\/span><\/p><p><span style=\"font-weight: 400;\">Die ausf\u00fchrlichen Datenschutzbestimmungen von Google finden Sie hier:<\/span><\/p><p><a href=\"https:\/\/policies.google.com\/privacy\"><span style=\"font-weight: 400;\">https:\/\/policies.google.com\/privacy<\/span><\/a><\/p><ol start=\"6\"><li><span style=\"font-weight: 400;\"> Pr\u00e4senzen auf weiteren sozialen Netzwerken<\/span><\/li><\/ol><p><span style=\"font-weight: 400;\">Wir betreiben Pr\u00e4senzen auf weiteren sozialen Netzwerken, um unsere Waren und\/oder Dienstleistungen zu pr\u00e4sentieren und\/oder mit Kunden und Interessenten zu kommunizieren.<\/span><\/p><p><span style=\"font-weight: 400;\">Die Daten der Nutzer sozialer Netzwerke, insbesondere auch Daten zum Nutzerverhalten, werden meist auch zur Erstellung von Nutzerprofilen f\u00fcr Zwecke personalisierter Werbung verarbeitet. Dies kann etwa \u00fcber Cookies, Fingerprinting oder \u00e4hnliche Technologien oder auch \u00fcber das Tracking eingeloggter Nutzer geschehen.<\/span><\/p><p><span style=\"font-weight: 400;\">Rechtsgrundlage f\u00fcr unsere Verarbeitung personenbezogener Daten in sozialen Netzwerken ist Artikel 6 Absatz 1 Satz 1 lit. f) DSGVO (\u201eberechtigte Interessen\u201c).<\/span><\/p><p><span style=\"font-weight: 400;\">Weiterf\u00fchrende Informationen, u.a. zur Verarbeitung personenbezogener Daten durch die Betreiber der Sozialen Netzwerke oder Ihre Widerspruchsm\u00f6glichkeiten, finden Sie in den nachstehend verlinkten Datenschutzerkl\u00e4rungen der betreffenden Sozialen Netzwerke.<\/span><\/p><p><span style=\"font-weight: 400;\">Unsere Pr\u00e4senzen auf sozialen Netzwerken:<\/span><span style=\"font-weight: 400;\">Pinterest; Betreiber ist Pinterest Europe Ltd., Palmerston House, 2nd Floor Fenian Street, Dublin 2, Ireland; Datenschutzerkl\u00e4rung: https:\/\/policy.pinterest.com\/de\/privacy-policy<\/span><\/p><p><span style=\"font-weight: 400;\">Youtube, ein Angebot der Google Ireland Limited, Gordon House, Barrow Street, Dublin 4, Irland; Ihre personenbezogenen Daten k\u00f6nnen dabei auf Server in den USA \u00fcbermittelt werden. Diese Daten\u00fcbermittlung st\u00fctzt Google auf EU-Standardvertragsklauseln; weiterf\u00fchrende Informationen erhalten Sie in der Datenschutzerkl\u00e4rung von Google: https:\/\/policies.google.com\/privacy<\/span><\/p><ol start=\"7\"><li><span style=\"font-weight: 400;\"> Betroffenenrechte<\/span><\/li><\/ol><p><span style=\"font-weight: 400;\">Sie haben gem\u00e4\u00df Art. 15 Datenschutzgrundverordnung das Recht Auskunft \u00fcber die Verarbeitung Ihrer personenbezogenen Daten zu verlangen (\u201cAuskunftsrecht der betroffenen Person\u201d).<\/span><\/p><p><span style=\"font-weight: 400;\">Sie haben gem\u00e4\u00df Art. 16 Datenschutzgrundverordnung das Recht, die Berichtigung und L\u00f6schung Sie betreffender unrichtiger personenbezogener Daten zu verlangen (\u201cRecht auf Berichtigung\u201d).<\/span><\/p><p><span style=\"font-weight: 400;\">Gem\u00e4\u00df Art. 17 Datenschutzgrundverordnung k\u00f6nnen Sie die L\u00f6schung Sie betreffender personenbezogener Daten verlangen, sofern einer der dort aufgef\u00fchrten Gr\u00fcnde zutrifft (\u201cRecht auf Vergessenwerden\u201d).<\/span><\/p><p><span style=\"font-weight: 400;\">Ebenso haben Sie gem\u00e4\u00df Art. 18 Datenschutzgrundverordnung das Recht, die Einschr\u00e4nkung der Verarbeitung Sie betreffender personenbezogener Daten zu verlangen, wenn eine der dort aufgef\u00fchrten Voraussetzungen zutrifft (\u201cRecht auf Einschr\u00e4nkung der Verarbeitung\u201d).<\/span><\/p><p><span style=\"font-weight: 400;\">Sie haben gem\u00e4\u00df Art. 20 Datenschutzgrundverordnung das Recht, Sie betreffende personenbezogene Daten zur Verf\u00fcgung gestellt zu bekommen und diese Daten einem anderen Verantwortlichen \u00fcbermitteln zu lassen (\u201cRecht auf Daten\u00fcbertragbarkeit\u201d).<\/span><\/p><p><span style=\"font-weight: 400;\">Widerruf von Einwilligungen: S. Abschnitt \u201eWiderrufsrecht\u201c in dieser Datenschutzerkl\u00e4rung.<\/span><\/p><p><span style=\"font-weight: 400;\">Widerspruchsrecht: Siehe Abschnitt \u201eWiderspruchsrecht\u201c in dieser Datenschutzerkl\u00e4rung.<\/span><\/p><p><span style=\"font-weight: 400;\">Sie haben das Recht sich bei der zust\u00e4ndigen Aufsichtsbeh\u00f6rde zu beschweren.<\/span><\/p><ol start=\"8\"><li><span style=\"font-weight: 400;\"> Widerrufsrecht<\/span><\/li><\/ol><p><span style=\"font-weight: 400;\">Ihre ggf. erteilte Einwilligung in die Verarbeitung Ihrer personenbezogenen Daten k\u00f6nnen Sie jederzeit widerrufen, bspw. per E-Mail an unsere eingangs genannte E-Mail-Adresse. Die Rechtm\u00e4\u00dfigkeit der aufgrund der Einwilligung bis zum Widerruf erfolgten Verarbeitung wird dadurch nicht ber\u00fchrt.<\/span><\/p><ol start=\"9\"><li><span style=\"font-weight: 400;\"> Widerspruchsrecht<\/span><\/li><\/ol><p><span style=\"font-weight: 400;\">Soweit unsere Datenverarbeitung auf Artikel 6 Absatz 1 f) DSGVO beruht (\u201eberechtigte Interessen\u201c), haben Sie nach n\u00e4herer Ma\u00dfgabe des Artikel 21 DSGVO das Recht, der Verarbeitung Ihrer personenbezogenen Daten zu widersprechen.<\/span><\/p><ol start=\"10\"><li><span style=\"font-weight: 400;\"> Weitergabe Ihrer Daten<\/span><\/li><\/ol><p><span style=\"font-weight: 400;\">Soweit nicht bereits an anderer Stelle in dieser Datenschutzerkl\u00e4rung aufgef\u00fchrt, geben wir Ihre personenbezogenen Daten an folgende weiteren Empf\u00e4nger beziehungsweise Kategorien von Empf\u00e4ngern weiter Zahlungsdienstleister, Marketingdienstleister , Salesdienstleister<\/span><\/p>\n\t\t\t\t\t<\/div>\n\t\t\t\t<\/div>\n\t\t\t\t<\/div>\n\t\t\t\t\t<\/div>\n\t\t\t\t<\/div>\n\t\t\t\t<\/div>\n\t\t","protected":false},"excerpt":{"rendered":"<p>Verarbeitung von personenbezogenen Daten Wir verarbeiten im Rahmen der Website personenbezogene Daten von Ihnen unter anderem wie folgt (weitere Datenverarbeitungen<\/p>\n","protected":false},"author":1,"featured_media":0,"parent":0,"menu_order":0,"comment_status":"closed","ping_status":"closed","template":"","meta":{"inline_featured_image":false,"footnotes":""},"class_list":["post-15769","page","type-page","status-publish","hentry"],"_links":{"self":[{"href":"https:\/\/tamada-hochzeit-nrw.de\/index.php\/wp-json\/wp\/v2\/pages\/15769","targetHints":{"allow":["GET"]}}],"collection":[{"href":"https:\/\/tamada-hochzeit-nrw.de\/index.php\/wp-json\/wp\/v2\/pages"}],"about":[{"href":"https:\/\/tamada-hochzeit-nrw.de\/index.php\/wp-json\/wp\/v2\/types\/page"}],"author":[{"embeddable":true,"href":"https:\/\/tamada-hochzeit-nrw.de\/index.php\/wp-json\/wp\/v2\/users\/1"}],"replies":[{"embeddable":true,"href":"https:\/\/tamada-hochzeit-nrw.de\/index.php\/wp-json\/wp\/v2\/comments?post=15769"}],"version-history":[{"count":11,"href":"https:\/\/tamada-hochzeit-nrw.de\/index.php\/wp-json\/wp\/v2\/pages\/15769\/revisions"}],"predecessor-version":[{"id":16226,"href":"https:\/\/tamada-hochzeit-nrw.de\/index.php\/wp-json\/wp\/v2\/pages\/15769\/revisions\/16226"}],"wp:attachment":[{"href":"https:\/\/tamada-hochzeit-nrw.de\/index.php\/wp-json\/wp\/v2\/media?parent=15769"}],"curies":[{"name":"wp","href":"https:\/\/api.w.org\/{rel}","templated":true}]}}